{"id":1570,"date":"2021-10-13T07:52:01","date_gmt":"2021-10-13T07:52:01","guid":{"rendered":"https:\/\/medo2.cl\/?page_id=1570"},"modified":"2023-03-25T16:09:03","modified_gmt":"2023-03-25T16:09:03","slug":"nosotros","status":"publish","type":"page","link":"https:\/\/medo2.cl\/index.php\/nosotros\/","title":{"rendered":""},"content":{"rendered":"\t\t<div data-elementor-type=\"wp-page\" data-elementor-id=\"1570\" class=\"elementor elementor-1570\" data-elementor-settings=\"[]\">\n\t\t\t\t\t\t<div class=\"elementor-inner\">\n\t\t\t\t\t\t\t<div class=\"elementor-section-wrap\">\n\t\t\t\t\t\t\t<section class=\"elementor-section elementor-top-section elementor-element elementor-element-2417712 elementor-section-stretched elementor-section-full_width elementor-section-height-default elementor-section-height-default\" data-id=\"2417712\" data-element_type=\"section\" data-settings=\"{&quot;stretch_section&quot;:&quot;section-stretched&quot;,&quot;background_background&quot;:&quot;classic&quot;}\">\n\t\t\t\t\t\t<div class=\"elementor-container elementor-column-gap-no\">\n\t\t\t\t\t\t\t<div class=\"elementor-row\">\n\t\t\t\t\t<div class=\"elementor-column elementor-col-100 elementor-top-column elementor-element elementor-element-4dcde6e elementor-hidden-tablet elementor-hidden-phone\" data-id=\"4dcde6e\" data-element_type=\"column\">\n\t\t\t<div class=\"elementor-column-wrap elementor-element-populated\">\n\t\t\t\t\t\t\t<div class=\"elementor-widget-wrap\">\n\t\t\t\t\t\t<div class=\"elementor-element elementor-element-f0e0d53 elementor-widget elementor-widget-image\" data-id=\"f0e0d53\" data-element_type=\"widget\" data-widget_type=\"image.default\">\n\t\t\t\t<div class=\"elementor-widget-container\">\n\t\t\t\t\t\t\t\t<div class=\"elementor-image\">\n\t\t\t\t\t\t\t\t\t\t\t\t<img loading=\"lazy\" decoding=\"async\" width=\"1971\" height=\"542\" src=\"https:\/\/medo2.cl\/wp-content\/uploads\/2021\/10\/Banner-About-.jpg\" class=\"attachment-full size-full\" alt=\"\" srcset=\"https:\/\/medo2.cl\/wp-content\/uploads\/2021\/10\/Banner-About-.jpg 1971w, https:\/\/medo2.cl\/wp-content\/uploads\/2021\/10\/Banner-About--300x82.jpg 300w, https:\/\/medo2.cl\/wp-content\/uploads\/2021\/10\/Banner-About--1024x282.jpg 1024w, https:\/\/medo2.cl\/wp-content\/uploads\/2021\/10\/Banner-About--768x211.jpg 768w, https:\/\/medo2.cl\/wp-content\/uploads\/2021\/10\/Banner-About--1536x422.jpg 1536w, https:\/\/medo2.cl\/wp-content\/uploads\/2021\/10\/Banner-About--1568x431.jpg 1568w\" sizes=\"auto, (max-width: 34.9rem) calc(100vw - 2rem), (max-width: 53rem) calc(8 * (100vw \/ 12)), (min-width: 53rem) calc(6 * (100vw \/ 12)), 100vw\" \/>\t\t\t\t\t\t\t\t\t\t\t\t\t\t<\/div>\n\t\t\t\t\t\t<\/div>\n\t\t\t\t<\/div>\n\t\t\t\t\t\t<\/div>\n\t\t\t\t\t<\/div>\n\t\t<\/div>\n\t\t\t\t\t\t\t\t<\/div>\n\t\t\t\t\t<\/div>\n\t\t<\/section>\n\t\t\t\t<section class=\"elementor-section elementor-top-section elementor-element elementor-element-357fb2f elementor-section-stretched elementor-section-boxed elementor-section-height-default elementor-section-height-default\" data-id=\"357fb2f\" data-element_type=\"section\" data-settings=\"{&quot;stretch_section&quot;:&quot;section-stretched&quot;,&quot;background_background&quot;:&quot;slideshow&quot;,&quot;animation&quot;:&quot;none&quot;,&quot;background_slideshow_gallery&quot;:[],&quot;background_slideshow_loop&quot;:&quot;yes&quot;,&quot;background_slideshow_slide_duration&quot;:5000,&quot;background_slideshow_slide_transition&quot;:&quot;fade&quot;,&quot;background_slideshow_transition_duration&quot;:500}\">\n\t\t\t\t\t\t<div class=\"elementor-container elementor-column-gap-default\">\n\t\t\t\t\t\t\t<div class=\"elementor-row\">\n\t\t\t\t\t<div class=\"elementor-column elementor-col-50 elementor-top-column elementor-element elementor-element-a5a36eb\" data-id=\"a5a36eb\" data-element_type=\"column\" data-settings=\"{&quot;animation&quot;:&quot;none&quot;}\">\n\t\t\t<div class=\"elementor-column-wrap elementor-element-populated\">\n\t\t\t\t\t\t\t<div class=\"elementor-widget-wrap\">\n\t\t\t\t\t\t<div class=\"elementor-element elementor-element-d4a1828 elementor-hidden-desktop elementor-widget elementor-widget-heading\" data-id=\"d4a1828\" data-element_type=\"widget\" data-widget_type=\"heading.default\">\n\t\t\t\t<div class=\"elementor-widget-container\">\n\t\t\t<h3 class=\"elementor-heading-title elementor-size-large\">Nuestro Centro<\/h3>\t\t<\/div>\n\t\t\t\t<\/div>\n\t\t\t\t<div class=\"elementor-element elementor-element-c39ffd6 elementor-widget elementor-widget-image\" data-id=\"c39ffd6\" data-element_type=\"widget\" data-settings=\"{&quot;motion_fx_motion_fx_scrolling&quot;:&quot;yes&quot;,&quot;motion_fx_translateX_effect&quot;:&quot;yes&quot;,&quot;motion_fx_translateX_direction&quot;:&quot;negative&quot;,&quot;motion_fx_translateX_affectedRange&quot;:{&quot;unit&quot;:&quot;%&quot;,&quot;size&quot;:&quot;&quot;,&quot;sizes&quot;:{&quot;start&quot;:0,&quot;end&quot;:51}},&quot;motion_fx_opacity_effect&quot;:&quot;yes&quot;,&quot;motion_fx_opacity_range&quot;:{&quot;unit&quot;:&quot;%&quot;,&quot;size&quot;:&quot;&quot;,&quot;sizes&quot;:{&quot;start&quot;:0,&quot;end&quot;:29}},&quot;motion_fx_devices&quot;:[],&quot;motion_fx_translateX_speed&quot;:{&quot;unit&quot;:&quot;px&quot;,&quot;size&quot;:4,&quot;sizes&quot;:[]},&quot;motion_fx_opacity_direction&quot;:&quot;out-in&quot;,&quot;motion_fx_opacity_level&quot;:{&quot;unit&quot;:&quot;px&quot;,&quot;size&quot;:10,&quot;sizes&quot;:[]}}\" data-widget_type=\"image.default\">\n\t\t\t\t<div class=\"elementor-widget-container\">\n\t\t\t\t\t\t\t\t<div class=\"elementor-image\">\n\t\t\t\t\t\t\t\t\t\t\t\t<img loading=\"lazy\" decoding=\"async\" width=\"640\" height=\"578\" src=\"https:\/\/medo2.cl\/wp-content\/uploads\/2021\/10\/New-1024x924.png\" class=\"attachment-large size-large\" alt=\"\" srcset=\"https:\/\/medo2.cl\/wp-content\/uploads\/2021\/10\/New-1024x924.png 1024w, https:\/\/medo2.cl\/wp-content\/uploads\/2021\/10\/New-300x271.png 300w, https:\/\/medo2.cl\/wp-content\/uploads\/2021\/10\/New-768x693.png 768w, https:\/\/medo2.cl\/wp-content\/uploads\/2021\/10\/New.png 1080w\" sizes=\"auto, (max-width: 34.9rem) calc(100vw - 2rem), (max-width: 53rem) calc(8 * (100vw \/ 12)), (min-width: 53rem) calc(6 * (100vw \/ 12)), 100vw\" \/>\t\t\t\t\t\t\t\t\t\t\t\t\t\t<\/div>\n\t\t\t\t\t\t<\/div>\n\t\t\t\t<\/div>\n\t\t\t\t\t\t<\/div>\n\t\t\t\t\t<\/div>\n\t\t<\/div>\n\t\t\t\t<div class=\"elementor-column elementor-col-50 elementor-top-column elementor-element elementor-element-140aa40\" data-id=\"140aa40\" data-element_type=\"column\" data-settings=\"{&quot;motion_fx_motion_fx_scrolling&quot;:&quot;yes&quot;,&quot;motion_fx_translateX_effect&quot;:&quot;yes&quot;,&quot;motion_fx_translateX_affectedRange&quot;:{&quot;unit&quot;:&quot;%&quot;,&quot;size&quot;:&quot;&quot;,&quot;sizes&quot;:{&quot;start&quot;:0,&quot;end&quot;:50}},&quot;motion_fx_opacity_effect&quot;:&quot;yes&quot;,&quot;motion_fx_opacity_range&quot;:{&quot;unit&quot;:&quot;%&quot;,&quot;size&quot;:&quot;&quot;,&quot;sizes&quot;:{&quot;start&quot;:0,&quot;end&quot;:35}},&quot;motion_fx_devices&quot;:[],&quot;motion_fx_translateX_speed&quot;:{&quot;unit&quot;:&quot;px&quot;,&quot;size&quot;:4,&quot;sizes&quot;:[]},&quot;motion_fx_opacity_direction&quot;:&quot;out-in&quot;,&quot;motion_fx_opacity_level&quot;:{&quot;unit&quot;:&quot;px&quot;,&quot;size&quot;:10,&quot;sizes&quot;:[]}}\">\n\t\t\t<div class=\"elementor-column-wrap elementor-element-populated\">\n\t\t\t\t\t\t\t<div class=\"elementor-widget-wrap\">\n\t\t\t\t\t\t<div class=\"elementor-element elementor-element-8ec674b elementor-hidden-phone elementor-widget elementor-widget-heading\" data-id=\"8ec674b\" data-element_type=\"widget\" data-widget_type=\"heading.default\">\n\t\t\t\t<div class=\"elementor-widget-container\">\n\t\t\t<h3 class=\"elementor-heading-title elementor-size-xl\">Nuestro centro<\/h3>\t\t<\/div>\n\t\t\t\t<\/div>\n\t\t\t\t<div class=\"elementor-element elementor-element-227ab97 elementor-widget elementor-widget-text-editor\" data-id=\"227ab97\" data-element_type=\"widget\" data-widget_type=\"text-editor.default\">\n\t\t\t\t<div class=\"elementor-widget-container\">\n\t\t\t\t\t\t\t\t<div class=\"elementor-text-editor elementor-clearfix\">\n\t\t\t\t\t<p style=\"padding-left: 15px;\">\n\nContamos con la mejor tecnolog\u00eda y un equipo multidisciplinario donde hacemos medicina integrativa, conjunto de prestaciones cl\u00ednicas que acompa\u00f1an a un paciente con un s\u00edntoma o una enfermedad en distintos aspectos de su vida, con medicinas tradicionales y terapias innovadoras.\n<\/p>\n\n<p style=\"padding-left: 15px;\">\n\n\nTe esperamos a una consulta de evaluaci\u00f3n para definir tu mejor tratamiento personalizado.\n\n<\/p>\t\t\t\t\t<\/div>\n\t\t\t\t\t\t<\/div>\n\t\t\t\t<\/div>\n\t\t\t\t<div class=\"elementor-element elementor-element-1d0bcb6 elementor-button-info elementor-align-left elementor-mobile-align-justify elementor-widget elementor-widget-button\" data-id=\"1d0bcb6\" data-element_type=\"widget\" data-widget_type=\"button.default\">\n\t\t\t\t<div class=\"elementor-widget-container\">\n\t\t\t\t\t<div class=\"elementor-button-wrapper\">\n\t\t\t<a href=\"https:\/\/bit.ly\/3mHD4G0\" target=\"_blank\" class=\"elementor-button-link elementor-button elementor-size-lg\" role=\"button\">\n\t\t\t\t\t\t<span class=\"elementor-button-content-wrapper\">\n\t\t\t\t\t\t<span class=\"elementor-button-icon elementor-align-icon-right\">\n\t\t\t\t<i aria-hidden=\"true\" class=\"fas fa-arrow-right\"><\/i>\t\t\t<\/span>\n\t\t\t\t\t\t<span class=\"elementor-button-text\">Reservar hora<\/span>\n\t\t<\/span>\n\t\t\t\t\t<\/a>\n\t\t<\/div>\n\t\t\t\t<\/div>\n\t\t\t\t<\/div>\n\t\t\t\t\t\t<\/div>\n\t\t\t\t\t<\/div>\n\t\t<\/div>\n\t\t\t\t\t\t\t\t<\/div>\n\t\t\t\t\t<\/div>\n\t\t<\/section>\n\t\t\t\t<section class=\"elementor-section elementor-top-section elementor-element elementor-element-d624d07 elementor-section-stretched elementor-section-boxed elementor-section-height-default elementor-section-height-default\" data-id=\"d624d07\" data-element_type=\"section\" data-settings=\"{&quot;stretch_section&quot;:&quot;section-stretched&quot;,&quot;background_background&quot;:&quot;classic&quot;}\">\n\t\t\t\t\t\t<div class=\"elementor-container elementor-column-gap-default\">\n\t\t\t\t\t\t\t<div class=\"elementor-row\">\n\t\t\t\t\t<div class=\"elementor-column elementor-col-50 elementor-top-column elementor-element elementor-element-5ba2003\" data-id=\"5ba2003\" data-element_type=\"column\" data-settings=\"{&quot;motion_fx_motion_fx_scrolling&quot;:&quot;yes&quot;,&quot;motion_fx_translateX_effect&quot;:&quot;yes&quot;,&quot;motion_fx_translateX_affectedRange&quot;:{&quot;unit&quot;:&quot;%&quot;,&quot;size&quot;:&quot;&quot;,&quot;sizes&quot;:{&quot;start&quot;:0,&quot;end&quot;:50}},&quot;motion_fx_opacity_effect&quot;:&quot;yes&quot;,&quot;motion_fx_opacity_range&quot;:{&quot;unit&quot;:&quot;%&quot;,&quot;size&quot;:&quot;&quot;,&quot;sizes&quot;:{&quot;start&quot;:0,&quot;end&quot;:35}},&quot;motion_fx_devices&quot;:[],&quot;motion_fx_translateX_speed&quot;:{&quot;unit&quot;:&quot;px&quot;,&quot;size&quot;:4,&quot;sizes&quot;:[]},&quot;motion_fx_opacity_direction&quot;:&quot;out-in&quot;,&quot;motion_fx_opacity_level&quot;:{&quot;unit&quot;:&quot;px&quot;,&quot;size&quot;:10,&quot;sizes&quot;:[]}}\">\n\t\t\t<div class=\"elementor-column-wrap elementor-element-populated\">\n\t\t\t\t\t\t\t<div class=\"elementor-widget-wrap\">\n\t\t\t\t\t\t<div class=\"elementor-element elementor-element-aaa5a47 elementor-hidden-phone elementor-widget elementor-widget-heading\" data-id=\"aaa5a47\" data-element_type=\"widget\" data-widget_type=\"heading.default\">\n\t\t\t\t<div class=\"elementor-widget-container\">\n\t\t\t<h3 class=\"elementor-heading-title elementor-size-xl\">Dra. M\u00f3nica Le\u00f3n ARROYO<\/h3>\t\t<\/div>\n\t\t\t\t<\/div>\n\t\t\t\t<div class=\"elementor-element elementor-element-ad68ceb elementor-widget elementor-widget-text-editor\" data-id=\"ad68ceb\" data-element_type=\"widget\" data-widget_type=\"text-editor.default\">\n\t\t\t\t<div class=\"elementor-widget-container\">\n\t\t\t\t\t\t\t\t<div class=\"elementor-text-editor elementor-clearfix\">\n\t\t\t\t\t<ul style=\"font-size: 16px;\"><li style=\"margin-bottom: 6px;\">Diplomado en Medicina Est\u00e9tica y Reparadora del Instituto Aicer, Argentina.<\/li><li style=\"margin-bottom: 6px;\">Certificaci\u00f3n StemCells para tratamientos con c\u00e9lulas madre.<\/li><li style=\"margin-bottom: 6px;\">Certificada en tratamientos de Ozonoterapia M\u00e9dica.<\/li><li style=\"margin-bottom: 6px;\">Miembro de la Sociedad Latinoamericana de C\u00e9lulas Madre.<\/li><li style=\"margin-bottom: 6px;\">Terapeuta en Acupuntura M\u00e9dica, Biomagnetismo M\u00e9dico y Terapia Neural.<\/li><li style=\"margin-bottom: 6px;\">Ha realizado cursos de Nutrici\u00f3n Ortomolecular y Medicina Ortomolecular.<\/li><li style=\"margin-bottom: 6px;\">Rejuvenecimiento facial integral (toxina botul\u00ednica, bioestimulaci\u00f3n con factores de crecimiento y aplicaci\u00f3n de \u00e1cido hialur\u00f3nico.<\/li><li style=\"margin-bottom: 6px;\">Particip\u00f3 en el III y IV Congreso de Medicina Celular de la Universidad de Los Andes.<\/li><li style=\"margin-bottom: 6px;\">Realiza control y tratamiento de paciente en c\u00e1maras hiperb\u00e1ricas.<\/li><li style=\"margin-bottom: 6px;\">Conferencista del IV Congreso Solcema, donde present\u00f3 un an\u00e1lisis de casos de pacientes con Fibromialgia tratados con C\u00e9lulas Madre Mesenquimales.<\/li><li style=\"margin-bottom: 6px;\">Pasant\u00eda en Centro Integralis de Cordova con Dr Becaccese en medicina integrativa.<\/li><\/ul>\t\t\t\t\t<\/div>\n\t\t\t\t\t\t<\/div>\n\t\t\t\t<\/div>\n\t\t\t\t\t\t<\/div>\n\t\t\t\t\t<\/div>\n\t\t<\/div>\n\t\t\t\t<div class=\"elementor-column elementor-col-50 elementor-top-column elementor-element elementor-element-d4367bf\" data-id=\"d4367bf\" data-element_type=\"column\" data-settings=\"{&quot;background_background&quot;:&quot;classic&quot;}\">\n\t\t\t<div class=\"elementor-column-wrap elementor-element-populated\">\n\t\t\t\t\t\t\t<div class=\"elementor-widget-wrap\">\n\t\t\t\t\t\t<div class=\"elementor-element elementor-element-1e2fbd9 elementor-widget elementor-widget-image\" data-id=\"1e2fbd9\" data-element_type=\"widget\" data-widget_type=\"image.default\">\n\t\t\t\t<div class=\"elementor-widget-container\">\n\t\t\t\t\t\t\t\t<div class=\"elementor-image\">\n\t\t\t\t\t\t\t\t\t\t\t\t<img loading=\"lazy\" decoding=\"async\" width=\"640\" height=\"645\" src=\"https:\/\/medo2.cl\/wp-content\/uploads\/2021\/10\/Monica-Leon-1016x1024.png\" class=\"attachment-large size-large\" alt=\"\" srcset=\"https:\/\/medo2.cl\/wp-content\/uploads\/2021\/10\/Monica-Leon-1016x1024.png 1016w, https:\/\/medo2.cl\/wp-content\/uploads\/2021\/10\/Monica-Leon-298x300.png 298w, https:\/\/medo2.cl\/wp-content\/uploads\/2021\/10\/Monica-Leon-150x150.png 150w, https:\/\/medo2.cl\/wp-content\/uploads\/2021\/10\/Monica-Leon-768x774.png 768w, https:\/\/medo2.cl\/wp-content\/uploads\/2021\/10\/Monica-Leon.png 1200w\" sizes=\"auto, (max-width: 34.9rem) calc(100vw - 2rem), (max-width: 53rem) calc(8 * (100vw \/ 12)), (min-width: 53rem) calc(6 * (100vw \/ 12)), 100vw\" \/>\t\t\t\t\t\t\t\t\t\t\t\t\t\t<\/div>\n\t\t\t\t\t\t<\/div>\n\t\t\t\t<\/div>\n\t\t\t\t<div class=\"elementor-element elementor-element-5b6c3d1 elementor-widget elementor-widget-text-editor\" data-id=\"5b6c3d1\" data-element_type=\"widget\" data-widget_type=\"text-editor.default\">\n\t\t\t\t<div class=\"elementor-widget-container\">\n\t\t\t\t\t\t\t\t<div class=\"elementor-text-editor elementor-clearfix\">\n\t\t\t\t\t<p style=\"font-size:16px;\"><strong>Dra. M\u00f3nica Le\u00f3n, es M\u00e9dico Cirujano<\/strong> de la Universidad de Valpara\u00edso. Licenciada en Enfermer\u00eda de la Universidad de Concepci\u00f3n.\u00a0 <strong>Directora<\/strong> de Centro M\u00e9dico MED O2.<\/p>\t\t\t\t\t<\/div>\n\t\t\t\t\t\t<\/div>\n\t\t\t\t<\/div>\n\t\t\t\t<div class=\"elementor-element elementor-element-996c0d3 elementor-button-info elementor-align-left elementor-mobile-align-justify elementor-widget elementor-widget-button\" data-id=\"996c0d3\" data-element_type=\"widget\" data-widget_type=\"button.default\">\n\t\t\t\t<div class=\"elementor-widget-container\">\n\t\t\t\t\t<div class=\"elementor-button-wrapper\">\n\t\t\t<a href=\"https:\/\/bit.ly\/3mHD4G0\" target=\"_blank\" class=\"elementor-button-link elementor-button elementor-size-lg\" role=\"button\">\n\t\t\t\t\t\t<span class=\"elementor-button-content-wrapper\">\n\t\t\t\t\t\t<span class=\"elementor-button-icon elementor-align-icon-right\">\n\t\t\t\t<i aria-hidden=\"true\" class=\"fas fa-arrow-right\"><\/i>\t\t\t<\/span>\n\t\t\t\t\t\t<span class=\"elementor-button-text\">Reservar hora<\/span>\n\t\t<\/span>\n\t\t\t\t\t<\/a>\n\t\t<\/div>\n\t\t\t\t<\/div>\n\t\t\t\t<\/div>\n\t\t\t\t\t\t<\/div>\n\t\t\t\t\t<\/div>\n\t\t<\/div>\n\t\t\t\t\t\t\t\t<\/div>\n\t\t\t\t\t<\/div>\n\t\t<\/section>\n\t\t\t\t<section class=\"elementor-section elementor-top-section elementor-element elementor-element-b9bb4bf elementor-section-height-min-height elementor-section-stretched elementor-hidden-desktop elementor-hidden-tablet elementor-hidden-phone elementor-section-boxed elementor-section-height-default elementor-section-items-middle\" data-id=\"b9bb4bf\" data-element_type=\"section\" data-settings=\"{&quot;stretch_section&quot;:&quot;section-stretched&quot;,&quot;background_background&quot;:&quot;classic&quot;}\">\n\t\t\t\t\t\t<div class=\"elementor-container elementor-column-gap-default\">\n\t\t\t\t\t\t\t<div class=\"elementor-row\">\n\t\t\t\t\t<div class=\"elementor-column elementor-col-100 elementor-top-column elementor-element elementor-element-51bd433\" data-id=\"51bd433\" data-element_type=\"column\">\n\t\t\t<div class=\"elementor-column-wrap elementor-element-populated\">\n\t\t\t\t\t\t\t<div class=\"elementor-widget-wrap\">\n\t\t\t\t\t\t<div class=\"elementor-element elementor-element-b6b040b elementor-widget elementor-widget-heading\" data-id=\"b6b040b\" data-element_type=\"widget\" data-widget_type=\"heading.default\">\n\t\t\t\t<div class=\"elementor-widget-container\">\n\t\t\t<h3 class=\"elementor-heading-title elementor-size-xl\">Nuestro equipo<\/h3>\t\t<\/div>\n\t\t\t\t<\/div>\n\t\t\t\t<div class=\"elementor-element elementor-element-f262782 elementor-arrows-position-outside elementor-widget elementor-widget-image-carousel\" data-id=\"f262782\" data-element_type=\"widget\" data-settings=\"{&quot;navigation&quot;:&quot;arrows&quot;,&quot;image_spacing_custom&quot;:{&quot;unit&quot;:&quot;px&quot;,&quot;size&quot;:40,&quot;sizes&quot;:[]},&quot;slides_to_show&quot;:&quot;4&quot;,&quot;motion_fx_motion_fx_scrolling&quot;:&quot;yes&quot;,&quot;motion_fx_opacity_effect&quot;:&quot;yes&quot;,&quot;motion_fx_opacity_range&quot;:{&quot;unit&quot;:&quot;%&quot;,&quot;size&quot;:&quot;&quot;,&quot;sizes&quot;:{&quot;start&quot;:0,&quot;end&quot;:28}},&quot;motion_fx_devices&quot;:[],&quot;autoplay&quot;:&quot;yes&quot;,&quot;pause_on_hover&quot;:&quot;yes&quot;,&quot;pause_on_interaction&quot;:&quot;yes&quot;,&quot;autoplay_speed&quot;:5000,&quot;infinite&quot;:&quot;yes&quot;,&quot;speed&quot;:500,&quot;motion_fx_opacity_direction&quot;:&quot;out-in&quot;,&quot;motion_fx_opacity_level&quot;:{&quot;unit&quot;:&quot;px&quot;,&quot;size&quot;:10,&quot;sizes&quot;:[]}}\" data-widget_type=\"image-carousel.default\">\n\t\t\t\t<div class=\"elementor-widget-container\">\n\t\t\t\t\t<div class=\"elementor-image-carousel-wrapper swiper-container\" dir=\"ltr\">\n\t\t\t<div class=\"elementor-image-carousel swiper-wrapper\">\n\t\t\t\t<div class=\"swiper-slide\"><figure class=\"swiper-slide-inner\"><img decoding=\"async\" class=\"swiper-slide-image\" src=\"https:\/\/medo2.cl\/wp-content\/uploads\/2021\/08\/12-682x1024.jpg\" alt=\"12\" \/><figcaption class=\"elementor-image-carousel-caption\"><span style=\"color: #57edf2;    font-family: \"Montserrat\", Sans-serif; font-size:1.2em\">Dra. M\u00f3nica Le\u00f3n<\/span> <br> \n<span style=\"color:white;    font-family: \"Montserrat\", Sans-serif;\">\nM\u00e9dico Cirujano<\/span><\/figcaption><\/figure><\/div><div class=\"swiper-slide\"><figure class=\"swiper-slide-inner\"><img decoding=\"async\" class=\"swiper-slide-image\" src=\"https:\/\/medo2.cl\/wp-content\/uploads\/2021\/08\/11-682x1024.jpeg\" alt=\"11\" \/><figcaption class=\"elementor-image-carousel-caption\"><span style=\"color: #57edf2;    font-family: \"Montserrat\", Sans-serif; font-size:1.2em\">Valeria Vasquez<\/span> <br> \n<span style=\"color:white;    font-family: \"Montserrat\", Sans-serif;\">\nKinesiolog\u00eda integrativa<\/span><\/figcaption><\/figure><\/div><div class=\"swiper-slide\"><figure class=\"swiper-slide-inner\"><img decoding=\"async\" class=\"swiper-slide-image\" src=\"https:\/\/medo2.cl\/wp-content\/uploads\/2021\/08\/8-682x1024.jpeg\" alt=\"8\" \/><figcaption class=\"elementor-image-carousel-caption\"><span style=\"color: #57edf2;    font-family: \"Montserrat\", Sans-serif; font-size:1.2em\">Ricardo Madrid <\/span> <br> \n<span style=\"color:white;    font-family: \"Montserrat\", Sans-serif;\">\nKinesiolog\u00eda<\/span><\/figcaption><\/figure><\/div><div class=\"swiper-slide\"><figure class=\"swiper-slide-inner\"><img decoding=\"async\" class=\"swiper-slide-image\" src=\"https:\/\/medo2.cl\/wp-content\/uploads\/2021\/08\/7-682x1024.jpeg\" alt=\"7\" \/><figcaption class=\"elementor-image-carousel-caption\"><span style=\"color: #57edf2;    font-family: \"Montserrat\", Sans-serif; font-size:1.2em\">Rodrigo Vergara <\/span> <br> \n<span style=\"color:white;    font-family: \"Montserrat\", Sans-serif;\">\nkinesiolog\u00eda<\/span><\/figcaption><\/figure><\/div><div class=\"swiper-slide\"><figure class=\"swiper-slide-inner\"><img decoding=\"async\" class=\"swiper-slide-image\" src=\"https:\/\/medo2.cl\/wp-content\/uploads\/2021\/08\/10-682x1024.jpeg\" alt=\"10\" \/><figcaption class=\"elementor-image-carousel-caption\"><span style=\"color: #57edf2;    font-family: \"Montserrat\", Sans-serif; font-size:1.2em\">Romina Navarrete<\/span> <br> \n<span style=\"color:white;    font-family: \"Montserrat\", Sans-serif;\">\nTerapeuta Holistica<\/span><\/figcaption><\/figure><\/div><div class=\"swiper-slide\"><figure class=\"swiper-slide-inner\"><img decoding=\"async\" class=\"swiper-slide-image\" src=\"https:\/\/medo2.cl\/wp-content\/uploads\/2021\/08\/1-682x1024.jpeg\" alt=\"1\" \/><figcaption class=\"elementor-image-carousel-caption\"><span style=\"color: #57edf2;    font-family: \"Montserrat\", Sans-serif; font-size:1.2em\">Paola Ortiz<\/span> <br> \n<span style=\"color:white;    font-family: \"Montserrat\", Sans-serif;\">\nMasoterapeuta<\/span>\n\n<\/figcaption><\/figure><\/div>\t\t\t<\/div>\n\t\t\t\t\t\t\t\t\t\t\t\t\t\t\t\t<div class=\"elementor-swiper-button elementor-swiper-button-prev\">\n\t\t\t\t\t\t<i class=\"eicon-chevron-left\" aria-hidden=\"true\"><\/i>\n\t\t\t\t\t\t<span class=\"elementor-screen-only\">Previous<\/span>\n\t\t\t\t\t<\/div>\n\t\t\t\t\t<div class=\"elementor-swiper-button elementor-swiper-button-next\">\n\t\t\t\t\t\t<i class=\"eicon-chevron-right\" aria-hidden=\"true\"><\/i>\n\t\t\t\t\t\t<span class=\"elementor-screen-only\">Next<\/span>\n\t\t\t\t\t<\/div>\n\t\t\t\t\t\t\t\t\t<\/div>\n\t\t\t\t<\/div>\n\t\t\t\t<\/div>\n\t\t\t\t\t\t<\/div>\n\t\t\t\t\t<\/div>\n\t\t<\/div>\n\t\t\t\t\t\t\t\t<\/div>\n\t\t\t\t\t<\/div>\n\t\t<\/section>\n\t\t\t\t\t\t<\/div>\n\t\t\t\t\t\t<\/div>\n\t\t\t\t\t<\/div>\n\t\t","protected":false},"excerpt":{"rendered":"<p>Nuestro Centro Nuestro centro Contamos con la mejor tecnolog\u00eda y un equipo multidisciplinario donde hacemos medicina integrativa, conjunto de prestaciones cl\u00ednicas que acompa\u00f1an a un paciente con un s\u00edntoma o una enfermedad en distintos aspectos de su vida, con medicinas tradicionales y terapias innovadoras. Te esperamos a una consulta de evaluaci\u00f3n para definir tu mejor &hellip; <\/p>\n<p class=\"link-more\"><a href=\"https:\/\/medo2.cl\/index.php\/nosotros\/\" class=\"more-link\">Continue reading<span class=\"screen-reader-text\"> &#8220;&#8221;<\/span><\/a><\/p>\n","protected":false},"author":1,"featured_media":0,"parent":0,"menu_order":0,"comment_status":"closed","ping_status":"closed","template":"","meta":{"om_disable_all_campaigns":false,"_monsterinsights_skip_tracking":false,"_monsterinsights_sitenote_active":false,"_monsterinsights_sitenote_note":"","_monsterinsights_sitenote_category":0,"footnotes":""},"class_list":["post-1570","page","type-page","status-publish","hentry","entry"],"_links":{"self":[{"href":"https:\/\/medo2.cl\/index.php\/wp-json\/wp\/v2\/pages\/1570","targetHints":{"allow":["GET"]}}],"collection":[{"href":"https:\/\/medo2.cl\/index.php\/wp-json\/wp\/v2\/pages"}],"about":[{"href":"https:\/\/medo2.cl\/index.php\/wp-json\/wp\/v2\/types\/page"}],"author":[{"embeddable":true,"href":"https:\/\/medo2.cl\/index.php\/wp-json\/wp\/v2\/users\/1"}],"replies":[{"embeddable":true,"href":"https:\/\/medo2.cl\/index.php\/wp-json\/wp\/v2\/comments?post=1570"}],"version-history":[{"count":85,"href":"https:\/\/medo2.cl\/index.php\/wp-json\/wp\/v2\/pages\/1570\/revisions"}],"predecessor-version":[{"id":1929,"href":"https:\/\/medo2.cl\/index.php\/wp-json\/wp\/v2\/pages\/1570\/revisions\/1929"}],"wp:attachment":[{"href":"https:\/\/medo2.cl\/index.php\/wp-json\/wp\/v2\/media?parent=1570"}],"curies":[{"name":"wp","href":"https:\/\/api.w.org\/{rel}","templated":true}]}}