{"id":1824,"date":"2021-10-29T08:24:48","date_gmt":"2021-10-29T08:24:48","guid":{"rendered":"https:\/\/medo2.cl\/?page_id=1824"},"modified":"2021-10-29T08:37:24","modified_gmt":"2021-10-29T08:37:24","slug":"celulas-madre","status":"publish","type":"page","link":"https:\/\/medo2.cl\/index.php\/celulas-madre\/","title":{"rendered":""},"content":{"rendered":"\t\t<div data-elementor-type=\"wp-page\" data-elementor-id=\"1824\" class=\"elementor elementor-1824\" data-elementor-settings=\"[]\">\n\t\t\t\t\t\t<div class=\"elementor-inner\">\n\t\t\t\t\t\t\t<div class=\"elementor-section-wrap\">\n\t\t\t\t\t\t\t<section class=\"elementor-section elementor-top-section elementor-element elementor-element-a37e40d elementor-section-stretched elementor-section-full_width elementor-section-height-default elementor-section-height-default\" data-id=\"a37e40d\" data-element_type=\"section\" data-settings=\"{&quot;stretch_section&quot;:&quot;section-stretched&quot;,&quot;background_background&quot;:&quot;classic&quot;}\">\n\t\t\t\t\t\t<div class=\"elementor-container elementor-column-gap-no\">\n\t\t\t\t\t\t\t<div class=\"elementor-row\">\n\t\t\t\t\t<div class=\"elementor-column elementor-col-100 elementor-top-column elementor-element elementor-element-d7747fb elementor-hidden-tablet elementor-hidden-phone\" data-id=\"d7747fb\" data-element_type=\"column\">\n\t\t\t<div class=\"elementor-column-wrap elementor-element-populated\">\n\t\t\t\t\t\t\t<div class=\"elementor-widget-wrap\">\n\t\t\t\t\t\t<div class=\"elementor-element elementor-element-68fcee3 elementor-widget elementor-widget-image\" data-id=\"68fcee3\" data-element_type=\"widget\" data-widget_type=\"image.default\">\n\t\t\t\t<div class=\"elementor-widget-container\">\n\t\t\t\t\t\t\t\t<div class=\"elementor-image\">\n\t\t\t\t\t\t\t\t\t\t\t\t<img loading=\"lazy\" decoding=\"async\" width=\"1971\" height=\"542\" src=\"https:\/\/medo2.cl\/wp-content\/uploads\/2021\/10\/Celulas-Madre-Banner.jpg\" class=\"attachment-full size-full\" alt=\"\" srcset=\"https:\/\/medo2.cl\/wp-content\/uploads\/2021\/10\/Celulas-Madre-Banner.jpg 1971w, https:\/\/medo2.cl\/wp-content\/uploads\/2021\/10\/Celulas-Madre-Banner-300x82.jpg 300w, https:\/\/medo2.cl\/wp-content\/uploads\/2021\/10\/Celulas-Madre-Banner-1024x282.jpg 1024w, https:\/\/medo2.cl\/wp-content\/uploads\/2021\/10\/Celulas-Madre-Banner-768x211.jpg 768w, https:\/\/medo2.cl\/wp-content\/uploads\/2021\/10\/Celulas-Madre-Banner-1536x422.jpg 1536w, https:\/\/medo2.cl\/wp-content\/uploads\/2021\/10\/Celulas-Madre-Banner-1568x431.jpg 1568w\" sizes=\"auto, (max-width: 34.9rem) calc(100vw - 2rem), (max-width: 53rem) calc(8 * (100vw \/ 12)), (min-width: 53rem) calc(6 * (100vw \/ 12)), 100vw\" \/>\t\t\t\t\t\t\t\t\t\t\t\t\t\t<\/div>\n\t\t\t\t\t\t<\/div>\n\t\t\t\t<\/div>\n\t\t\t\t\t\t<\/div>\n\t\t\t\t\t<\/div>\n\t\t<\/div>\n\t\t\t\t\t\t\t\t<\/div>\n\t\t\t\t\t<\/div>\n\t\t<\/section>\n\t\t\t\t<section class=\"elementor-section elementor-top-section elementor-element elementor-element-fce3b1d elementor-section-stretched elementor-section-boxed elementor-section-height-default elementor-section-height-default\" data-id=\"fce3b1d\" data-element_type=\"section\" data-settings=\"{&quot;stretch_section&quot;:&quot;section-stretched&quot;,&quot;background_background&quot;:&quot;classic&quot;}\">\n\t\t\t\t\t\t<div class=\"elementor-container elementor-column-gap-default\">\n\t\t\t\t\t\t\t<div class=\"elementor-row\">\n\t\t\t\t\t<div class=\"elementor-column elementor-col-50 elementor-top-column elementor-element elementor-element-63062df\" data-id=\"63062df\" data-element_type=\"column\" data-settings=\"{&quot;background_background&quot;:&quot;classic&quot;}\">\n\t\t\t<div class=\"elementor-column-wrap elementor-element-populated\">\n\t\t\t\t\t\t\t<div class=\"elementor-widget-wrap\">\n\t\t\t\t\t\t<div class=\"elementor-element elementor-element-3e08574 elementor-widget elementor-widget-image\" data-id=\"3e08574\" data-element_type=\"widget\" data-widget_type=\"image.default\">\n\t\t\t\t<div class=\"elementor-widget-container\">\n\t\t\t\t\t\t\t\t<div class=\"elementor-image\">\n\t\t\t\t\t\t\t\t\t\t\t\t<img loading=\"lazy\" decoding=\"async\" width=\"640\" height=\"654\" src=\"https:\/\/medo2.cl\/wp-content\/uploads\/2021\/10\/Cientifico-1002x1024.jpg\" class=\"attachment-large size-large\" alt=\"\" srcset=\"https:\/\/medo2.cl\/wp-content\/uploads\/2021\/10\/Cientifico-1002x1024.jpg 1002w, https:\/\/medo2.cl\/wp-content\/uploads\/2021\/10\/Cientifico-294x300.jpg 294w, https:\/\/medo2.cl\/wp-content\/uploads\/2021\/10\/Cientifico-768x785.jpg 768w, https:\/\/medo2.cl\/wp-content\/uploads\/2021\/10\/Cientifico.jpg 1200w\" sizes=\"auto, (max-width: 34.9rem) calc(100vw - 2rem), (max-width: 53rem) calc(8 * (100vw \/ 12)), (min-width: 53rem) calc(6 * (100vw \/ 12)), 100vw\" \/>\t\t\t\t\t\t\t\t\t\t\t\t\t\t<\/div>\n\t\t\t\t\t\t<\/div>\n\t\t\t\t<\/div>\n\t\t\t\t<div class=\"elementor-element elementor-element-e5fd4c2 elementor-button-info elementor-align-left elementor-mobile-align-justify elementor-widget elementor-widget-button\" data-id=\"e5fd4c2\" data-element_type=\"widget\" data-widget_type=\"button.default\">\n\t\t\t\t<div class=\"elementor-widget-container\">\n\t\t\t\t\t<div class=\"elementor-button-wrapper\">\n\t\t\t<a href=\"https:\/\/bit.ly\/3mHD4G0\" target=\"_blank\" class=\"elementor-button-link elementor-button elementor-size-lg\" role=\"button\">\n\t\t\t\t\t\t<span class=\"elementor-button-content-wrapper\">\n\t\t\t\t\t\t<span class=\"elementor-button-icon elementor-align-icon-right\">\n\t\t\t\t<i aria-hidden=\"true\" class=\"fas fa-arrow-right\"><\/i>\t\t\t<\/span>\n\t\t\t\t\t\t<span class=\"elementor-button-text\">Reserva tu cita<\/span>\n\t\t<\/span>\n\t\t\t\t\t<\/a>\n\t\t<\/div>\n\t\t\t\t<\/div>\n\t\t\t\t<\/div>\n\t\t\t\t\t\t<\/div>\n\t\t\t\t\t<\/div>\n\t\t<\/div>\n\t\t\t\t<div class=\"elementor-column elementor-col-50 elementor-top-column elementor-element elementor-element-724cdc5\" data-id=\"724cdc5\" data-element_type=\"column\" data-settings=\"{&quot;motion_fx_motion_fx_scrolling&quot;:&quot;yes&quot;,&quot;motion_fx_translateX_effect&quot;:&quot;yes&quot;,&quot;motion_fx_translateX_affectedRange&quot;:{&quot;unit&quot;:&quot;%&quot;,&quot;size&quot;:&quot;&quot;,&quot;sizes&quot;:{&quot;start&quot;:0,&quot;end&quot;:50}},&quot;motion_fx_opacity_effect&quot;:&quot;yes&quot;,&quot;motion_fx_opacity_range&quot;:{&quot;unit&quot;:&quot;%&quot;,&quot;size&quot;:&quot;&quot;,&quot;sizes&quot;:{&quot;start&quot;:0,&quot;end&quot;:35}},&quot;motion_fx_devices&quot;:[],&quot;motion_fx_translateX_speed&quot;:{&quot;unit&quot;:&quot;px&quot;,&quot;size&quot;:4,&quot;sizes&quot;:[]},&quot;motion_fx_opacity_direction&quot;:&quot;out-in&quot;,&quot;motion_fx_opacity_level&quot;:{&quot;unit&quot;:&quot;px&quot;,&quot;size&quot;:10,&quot;sizes&quot;:[]}}\">\n\t\t\t<div class=\"elementor-column-wrap elementor-element-populated\">\n\t\t\t\t\t\t\t<div class=\"elementor-widget-wrap\">\n\t\t\t\t\t\t<div class=\"elementor-element elementor-element-137203a elementor-widget elementor-widget-heading\" data-id=\"137203a\" data-element_type=\"widget\" data-widget_type=\"heading.default\">\n\t\t\t\t<div class=\"elementor-widget-container\">\n\t\t\t<h3 class=\"elementor-heading-title elementor-size-xl\">C\u00e9lulas Madre<\/h3>\t\t<\/div>\n\t\t\t\t<\/div>\n\t\t\t\t<div class=\"elementor-element elementor-element-6fe2f5c elementor-widget elementor-widget-text-editor\" data-id=\"6fe2f5c\" data-element_type=\"widget\" data-widget_type=\"text-editor.default\">\n\t\t\t\t<div class=\"elementor-widget-container\">\n\t\t\t\t\t\t\t\t<div class=\"elementor-text-editor elementor-clearfix\">\n\t\t\t\t\t<p style=\"border-bottom: 1px solid #a0a0a038; margin-top:15px;padding-bottom:12px\"><strong>Las c\u00e9lulas madre<\/strong> son c\u00e9lulas indiferenciadas, que tienen un acci\u00f3n reparadora en el tejido aplicado.<\/p>\t\t\t\t\t<\/div>\n\t\t\t\t\t\t<\/div>\n\t\t\t\t<\/div>\n\t\t\t\t<div class=\"elementor-element elementor-element-715e244 elementor-widget elementor-widget-text-editor\" data-id=\"715e244\" data-element_type=\"widget\" data-widget_type=\"text-editor.default\">\n\t\t\t\t<div class=\"elementor-widget-container\">\n\t\t\t\t\t\t\t\t<div class=\"elementor-text-editor elementor-clearfix\">\n\t\t\t\t\t<p>En Medo2 contamos con <strong>protocolos de tratamiento<\/strong> sist\u00e9mico y aplicaci\u00f3n local:<\/p>\t\t\t\t\t<\/div>\n\t\t\t\t\t\t<\/div>\n\t\t\t\t<\/div>\n\t\t\t\t<div class=\"elementor-element elementor-element-3a83d08 elementor-widget elementor-widget-heading\" data-id=\"3a83d08\" data-element_type=\"widget\" data-widget_type=\"heading.default\">\n\t\t\t\t<div class=\"elementor-widget-container\">\n\t\t\t<h3 class=\"elementor-heading-title elementor-size-xl\">Aplicaciones<\/h3>\t\t<\/div>\n\t\t\t\t<\/div>\n\t\t\t\t<div class=\"elementor-element elementor-element-7e1febf elementor-widget elementor-widget-text-editor\" data-id=\"7e1febf\" data-element_type=\"widget\" data-widget_type=\"text-editor.default\">\n\t\t\t\t<div class=\"elementor-widget-container\">\n\t\t\t\t\t\t\t\t<div class=\"elementor-text-editor elementor-clearfix\">\n\t\t\t\t\t<ul><li><p>Aplicaci\u00f3n local intraarticular, en enfermedades como artrosis, Tendinitis, bursitis, esguinces, etc.<\/p><\/li><li><p>Aplicaci\u00f3n c\u00e9lulas madre local en cuero cabelludo, para mejorar la ca\u00edda del pelo.<\/p><\/li><li><p>Aplicaci\u00f3n de c\u00e9lulas madre local facial: para dar un rejuvenecimiento y frescor al rostro.<\/p><\/li><li><p>Todos nuestros tratamientos con c\u00e9lulas madre incluyen evaluaci\u00f3n m\u00e9dica inicial, c\u00e1maras Hiperb\u00e1ricas,&nbsp; kinesiolog\u00eda si lo requiere y seguimiento m\u00e9dico y control final.<\/p><\/li><\/ul>\t\t\t\t\t<\/div>\n\t\t\t\t\t\t<\/div>\n\t\t\t\t<\/div>\n\t\t\t\t<div class=\"elementor-element elementor-element-8b7180d elementor-widget elementor-widget-text-editor\" data-id=\"8b7180d\" data-element_type=\"widget\" data-widget_type=\"text-editor.default\">\n\t\t\t\t<div class=\"elementor-widget-container\">\n\t\t\t\t\t\t\t\t<div class=\"elementor-text-editor elementor-clearfix\">\n\t\t\t\t\t\t\t\t\t\t<\/div>\n\t\t\t\t\t\t<\/div>\n\t\t\t\t<\/div>\n\t\t\t\t\t\t<\/div>\n\t\t\t\t\t<\/div>\n\t\t<\/div>\n\t\t\t\t\t\t\t\t<\/div>\n\t\t\t\t\t<\/div>\n\t\t<\/section>\n\t\t\t\t\t\t<\/div>\n\t\t\t\t\t\t<\/div>\n\t\t\t\t\t<\/div>\n\t\t","protected":false},"excerpt":{"rendered":"<p>Reserva tu cita C\u00e9lulas Madre Las c\u00e9lulas madre son c\u00e9lulas indiferenciadas, que tienen un acci\u00f3n reparadora en el tejido aplicado. En Medo2 contamos con protocolos de tratamiento sist\u00e9mico y aplicaci\u00f3n local: Aplicaciones Aplicaci\u00f3n local intraarticular, en enfermedades como artrosis, Tendinitis, bursitis, esguinces, etc. Aplicaci\u00f3n c\u00e9lulas madre local en cuero cabelludo, para mejorar la ca\u00edda del &hellip; <\/p>\n<p class=\"link-more\"><a href=\"https:\/\/medo2.cl\/index.php\/celulas-madre\/\" class=\"more-link\">Continue reading<span class=\"screen-reader-text\"> &#8220;&#8221;<\/span><\/a><\/p>\n","protected":false},"author":1,"featured_media":0,"parent":0,"menu_order":0,"comment_status":"closed","ping_status":"closed","template":"","meta":{"om_disable_all_campaigns":false,"_monsterinsights_skip_tracking":false,"_monsterinsights_sitenote_active":false,"_monsterinsights_sitenote_note":"","_monsterinsights_sitenote_category":0,"footnotes":""},"class_list":["post-1824","page","type-page","status-publish","hentry","entry"],"_links":{"self":[{"href":"https:\/\/medo2.cl\/index.php\/wp-json\/wp\/v2\/pages\/1824","targetHints":{"allow":["GET"]}}],"collection":[{"href":"https:\/\/medo2.cl\/index.php\/wp-json\/wp\/v2\/pages"}],"about":[{"href":"https:\/\/medo2.cl\/index.php\/wp-json\/wp\/v2\/types\/page"}],"author":[{"embeddable":true,"href":"https:\/\/medo2.cl\/index.php\/wp-json\/wp\/v2\/users\/1"}],"replies":[{"embeddable":true,"href":"https:\/\/medo2.cl\/index.php\/wp-json\/wp\/v2\/comments?post=1824"}],"version-history":[{"count":12,"href":"https:\/\/medo2.cl\/index.php\/wp-json\/wp\/v2\/pages\/1824\/revisions"}],"predecessor-version":[{"id":1839,"href":"https:\/\/medo2.cl\/index.php\/wp-json\/wp\/v2\/pages\/1824\/revisions\/1839"}],"wp:attachment":[{"href":"https:\/\/medo2.cl\/index.php\/wp-json\/wp\/v2\/media?parent=1824"}],"curies":[{"name":"wp","href":"https:\/\/api.w.org\/{rel}","templated":true}]}}