{"id":729,"date":"2021-06-09T23:48:46","date_gmt":"2021-06-09T23:48:46","guid":{"rendered":"https:\/\/medo2.cl\/?page_id=729"},"modified":"2021-10-25T07:44:12","modified_gmt":"2021-10-25T07:44:12","slug":"rehabilitacion-y-cuidado-fisico","status":"publish","type":"page","link":"https:\/\/medo2.cl\/index.php\/rehabilitacion-y-cuidado-fisico\/","title":{"rendered":"Rehabilitaci\u00f3n y Cuidado F\u00edsico"},"content":{"rendered":"\t\t<div data-elementor-type=\"wp-page\" data-elementor-id=\"729\" class=\"elementor elementor-729\" data-elementor-settings=\"[]\">\n\t\t\t\t\t\t<div class=\"elementor-inner\">\n\t\t\t\t\t\t\t<div class=\"elementor-section-wrap\">\n\t\t\t\t\t\t\t<section class=\"elementor-section elementor-top-section elementor-element elementor-element-8f4bb52 elementor-section-full_width elementor-section-stretched elementor-section-height-default elementor-section-height-default\" data-id=\"8f4bb52\" data-element_type=\"section\" data-settings=\"{&quot;stretch_section&quot;:&quot;section-stretched&quot;}\">\n\t\t\t\t\t\t<div class=\"elementor-container elementor-column-gap-no\">\n\t\t\t\t\t\t\t<div class=\"elementor-row\">\n\t\t\t\t\t<div class=\"elementor-column elementor-col-100 elementor-top-column elementor-element elementor-element-ecf6c13\" data-id=\"ecf6c13\" data-element_type=\"column\">\n\t\t\t<div class=\"elementor-column-wrap elementor-element-populated\">\n\t\t\t\t\t\t\t<div class=\"elementor-widget-wrap\">\n\t\t\t\t\t\t<div class=\"elementor-element elementor-element-bac037b elementor-widget elementor-widget-image\" data-id=\"bac037b\" data-element_type=\"widget\" data-widget_type=\"image.default\">\n\t\t\t\t<div class=\"elementor-widget-container\">\n\t\t\t\t\t\t\t\t<div class=\"elementor-image\">\n\t\t\t\t\t\t\t\t\t\t\t\t<img loading=\"lazy\" decoding=\"async\" width=\"1971\" height=\"542\" src=\"https:\/\/medo2.cl\/wp-content\/uploads\/2021\/10\/Kin1.jpg\" class=\"attachment-full size-full\" alt=\"\" srcset=\"https:\/\/medo2.cl\/wp-content\/uploads\/2021\/10\/Kin1.jpg 1971w, https:\/\/medo2.cl\/wp-content\/uploads\/2021\/10\/Kin1-300x82.jpg 300w, https:\/\/medo2.cl\/wp-content\/uploads\/2021\/10\/Kin1-1024x282.jpg 1024w, https:\/\/medo2.cl\/wp-content\/uploads\/2021\/10\/Kin1-768x211.jpg 768w, https:\/\/medo2.cl\/wp-content\/uploads\/2021\/10\/Kin1-1536x422.jpg 1536w, https:\/\/medo2.cl\/wp-content\/uploads\/2021\/10\/Kin1-1568x431.jpg 1568w\" sizes=\"auto, (max-width: 34.9rem) calc(100vw - 2rem), (max-width: 53rem) calc(8 * (100vw \/ 12)), (min-width: 53rem) calc(6 * (100vw \/ 12)), 100vw\" \/>\t\t\t\t\t\t\t\t\t\t\t\t\t\t<\/div>\n\t\t\t\t\t\t<\/div>\n\t\t\t\t<\/div>\n\t\t\t\t\t\t<\/div>\n\t\t\t\t\t<\/div>\n\t\t<\/div>\n\t\t\t\t\t\t\t\t<\/div>\n\t\t\t\t\t<\/div>\n\t\t<\/section>\n\t\t\t\t<section class=\"elementor-section elementor-top-section elementor-element elementor-element-894b842 elementor-section-stretched elementor-section-boxed elementor-section-height-default elementor-section-height-default\" data-id=\"894b842\" data-element_type=\"section\" data-settings=\"{&quot;stretch_section&quot;:&quot;section-stretched&quot;,&quot;background_background&quot;:&quot;classic&quot;}\">\n\t\t\t\t\t\t<div class=\"elementor-container elementor-column-gap-default\">\n\t\t\t\t\t\t\t<div class=\"elementor-row\">\n\t\t\t\t\t<div class=\"elementor-column elementor-col-50 elementor-top-column elementor-element elementor-element-8302d85\" data-id=\"8302d85\" data-element_type=\"column\" data-settings=\"{&quot;background_background&quot;:&quot;classic&quot;}\">\n\t\t\t<div class=\"elementor-column-wrap elementor-element-populated\">\n\t\t\t\t\t\t\t<div class=\"elementor-widget-wrap\">\n\t\t\t\t\t\t<div class=\"elementor-element elementor-element-cce8298 elementor-widget elementor-widget-image\" data-id=\"cce8298\" data-element_type=\"widget\" data-widget_type=\"image.default\">\n\t\t\t\t<div class=\"elementor-widget-container\">\n\t\t\t\t\t\t\t\t<div class=\"elementor-image\">\n\t\t\t\t\t\t\t\t\t\t\t\t<img loading=\"lazy\" decoding=\"async\" width=\"640\" height=\"770\" src=\"https:\/\/medo2.cl\/wp-content\/uploads\/2021\/10\/Electroestimulaicon.png\" class=\"attachment-large size-large\" alt=\"\" srcset=\"https:\/\/medo2.cl\/wp-content\/uploads\/2021\/10\/Electroestimulaicon.png 665w, https:\/\/medo2.cl\/wp-content\/uploads\/2021\/10\/Electroestimulaicon-249x300.png 249w\" sizes=\"auto, (max-width: 34.9rem) calc(100vw - 2rem), (max-width: 53rem) calc(8 * (100vw \/ 12)), (min-width: 53rem) calc(6 * (100vw \/ 12)), 100vw\" \/>\t\t\t\t\t\t\t\t\t\t\t\t\t\t<\/div>\n\t\t\t\t\t\t<\/div>\n\t\t\t\t<\/div>\n\t\t\t\t<div class=\"elementor-element elementor-element-e37da87 elementor-button-info elementor-align-center elementor-mobile-align-justify elementor-widget elementor-widget-button\" data-id=\"e37da87\" data-element_type=\"widget\" data-widget_type=\"button.default\">\n\t\t\t\t<div class=\"elementor-widget-container\">\n\t\t\t\t\t<div class=\"elementor-button-wrapper\">\n\t\t\t<a href=\"https:\/\/bit.ly\/3mHD4G0\" target=\"_blank\" class=\"elementor-button-link elementor-button elementor-size-lg\" role=\"button\">\n\t\t\t\t\t\t<span class=\"elementor-button-content-wrapper\">\n\t\t\t\t\t\t<span class=\"elementor-button-icon elementor-align-icon-right\">\n\t\t\t\t<i aria-hidden=\"true\" class=\"fas fa-arrow-right\"><\/i>\t\t\t<\/span>\n\t\t\t\t\t\t<span class=\"elementor-button-text\">Reserva tu cita<\/span>\n\t\t<\/span>\n\t\t\t\t\t<\/a>\n\t\t<\/div>\n\t\t\t\t<\/div>\n\t\t\t\t<\/div>\n\t\t\t\t\t\t<\/div>\n\t\t\t\t\t<\/div>\n\t\t<\/div>\n\t\t\t\t<div class=\"elementor-column elementor-col-50 elementor-top-column elementor-element elementor-element-59bc5e2\" data-id=\"59bc5e2\" data-element_type=\"column\" data-settings=\"{&quot;motion_fx_motion_fx_scrolling&quot;:&quot;yes&quot;,&quot;motion_fx_translateX_effect&quot;:&quot;yes&quot;,&quot;motion_fx_translateX_affectedRange&quot;:{&quot;unit&quot;:&quot;%&quot;,&quot;size&quot;:&quot;&quot;,&quot;sizes&quot;:{&quot;start&quot;:0,&quot;end&quot;:50}},&quot;motion_fx_opacity_effect&quot;:&quot;yes&quot;,&quot;motion_fx_opacity_range&quot;:{&quot;unit&quot;:&quot;%&quot;,&quot;size&quot;:&quot;&quot;,&quot;sizes&quot;:{&quot;start&quot;:0,&quot;end&quot;:35}},&quot;motion_fx_devices&quot;:[],&quot;motion_fx_translateX_speed&quot;:{&quot;unit&quot;:&quot;px&quot;,&quot;size&quot;:4,&quot;sizes&quot;:[]},&quot;motion_fx_opacity_direction&quot;:&quot;out-in&quot;,&quot;motion_fx_opacity_level&quot;:{&quot;unit&quot;:&quot;px&quot;,&quot;size&quot;:10,&quot;sizes&quot;:[]}}\">\n\t\t\t<div class=\"elementor-column-wrap elementor-element-populated\">\n\t\t\t\t\t\t\t<div class=\"elementor-widget-wrap\">\n\t\t\t\t\t\t<div class=\"elementor-element elementor-element-2f88097 elementor-widget elementor-widget-heading\" data-id=\"2f88097\" data-element_type=\"widget\" data-widget_type=\"heading.default\">\n\t\t\t\t<div class=\"elementor-widget-container\">\n\t\t\t<h3 class=\"elementor-heading-title elementor-size-xl\">Electroestimulaci\u00f3n<\/h3>\t\t<\/div>\n\t\t\t\t<\/div>\n\t\t\t\t<div class=\"elementor-element elementor-element-f176c30 elementor-widget elementor-widget-text-editor\" data-id=\"f176c30\" data-element_type=\"widget\" data-widget_type=\"text-editor.default\">\n\t\t\t\t<div class=\"elementor-widget-container\">\n\t\t\t\t\t\t\t\t<div class=\"elementor-text-editor elementor-clearfix\">\n\t\t\t\t\t<p><strong>\u00bfQu\u00e9 es?<\/strong> Un m\u00e9todo personalizado de entrenamiento f\u00edsico m\u00e1s revolucionario de los \u00faltimos tiempos, basado en la Electro-Estimulaci\u00f3n Muscular Activa (EEM).<\/p><p><strong>\u00bfPara qu\u00e9 sirve? <\/strong>El m\u00e9todo de EEM combinado con ejercicio activo ayuda al desarrollo y la tonificaci\u00f3n del musculo, no se debe confundir con un tratamiento de est\u00e9tica donde com\u00fanmente se realiza en una posici\u00f3n recostada y sin movimiento (EEM Pasiva).<\/p><ul><li>Reducci\u00f3n de peso.<\/li><li>Eliminaci\u00f3n de grasa.<\/li><li>Activaci\u00f3n del metabolismo basal.<\/li><li>Tonificaci\u00f3n muscular.<\/li><li>Moldeamiento corporal.<\/li><li>Mejor\u00eda de la circulaci\u00f3n.<\/li><li>Reducci\u00f3n de celulitis y flacidez.<\/li><li>Incremento del rendimiento deportivo.<\/li><li>Fuerza y resistencia muscular.<\/li><\/ul><p><strong>\u00bfQui\u00e9nes la pueden usar? <\/strong>Todas las personas mayores de 18 a\u00f1os, y que no est\u00e9n embarazadas, presenten epilepsia, o porten marcapaso.<\/p>\t\t\t\t\t<\/div>\n\t\t\t\t\t\t<\/div>\n\t\t\t\t<\/div>\n\t\t\t\t\t\t<\/div>\n\t\t\t\t\t<\/div>\n\t\t<\/div>\n\t\t\t\t\t\t\t\t<\/div>\n\t\t\t\t\t<\/div>\n\t\t<\/section>\n\t\t\t\t<section class=\"elementor-section elementor-top-section elementor-element elementor-element-90dcc2e elementor-section-stretched elementor-section-boxed elementor-section-height-default elementor-section-height-default\" data-id=\"90dcc2e\" data-element_type=\"section\" data-settings=\"{&quot;stretch_section&quot;:&quot;section-stretched&quot;,&quot;background_background&quot;:&quot;classic&quot;}\">\n\t\t\t\t\t\t<div class=\"elementor-container elementor-column-gap-default\">\n\t\t\t\t\t\t\t<div class=\"elementor-row\">\n\t\t\t\t\t<div class=\"elementor-column elementor-col-50 elementor-top-column elementor-element elementor-element-0bd5f31\" data-id=\"0bd5f31\" data-element_type=\"column\" data-settings=\"{&quot;motion_fx_motion_fx_scrolling&quot;:&quot;yes&quot;,&quot;motion_fx_translateX_effect&quot;:&quot;yes&quot;,&quot;motion_fx_translateX_affectedRange&quot;:{&quot;unit&quot;:&quot;%&quot;,&quot;size&quot;:&quot;&quot;,&quot;sizes&quot;:{&quot;start&quot;:0,&quot;end&quot;:50}},&quot;motion_fx_opacity_effect&quot;:&quot;yes&quot;,&quot;motion_fx_opacity_range&quot;:{&quot;unit&quot;:&quot;%&quot;,&quot;size&quot;:&quot;&quot;,&quot;sizes&quot;:{&quot;start&quot;:0,&quot;end&quot;:35}},&quot;motion_fx_devices&quot;:[],&quot;motion_fx_translateX_speed&quot;:{&quot;unit&quot;:&quot;px&quot;,&quot;size&quot;:4,&quot;sizes&quot;:[]},&quot;motion_fx_opacity_direction&quot;:&quot;out-in&quot;,&quot;motion_fx_opacity_level&quot;:{&quot;unit&quot;:&quot;px&quot;,&quot;size&quot;:10,&quot;sizes&quot;:[]}}\">\n\t\t\t<div class=\"elementor-column-wrap elementor-element-populated\">\n\t\t\t\t\t\t\t<div class=\"elementor-widget-wrap\">\n\t\t\t\t\t\t<div class=\"elementor-element elementor-element-7d4e4e1 elementor-widget elementor-widget-heading\" data-id=\"7d4e4e1\" data-element_type=\"widget\" data-widget_type=\"heading.default\">\n\t\t\t\t<div class=\"elementor-widget-container\">\n\t\t\t<h3 class=\"elementor-heading-title elementor-size-xl\">Kinesiolog\u00eda<\/h3>\t\t<\/div>\n\t\t\t\t<\/div>\n\t\t\t\t<div class=\"elementor-element elementor-element-6f28d63 elementor-widget elementor-widget-text-editor\" data-id=\"6f28d63\" data-element_type=\"widget\" data-widget_type=\"text-editor.default\">\n\t\t\t\t<div class=\"elementor-widget-container\">\n\t\t\t\t\t\t\t\t<div class=\"elementor-text-editor elementor-clearfix\">\n\t\t\t\t\t<p><strong>\u00bfQu\u00e9 es?<\/strong> La Kinesiolog\u00eda es una ciencia que estudia el movimiento normal y disfuncional del cuerpo humano. \u00a0A la vez abarca nociones de la anatom\u00eda humana, la fisiolog\u00eda y hasta la psicolog\u00eda, entre otras ciencias, ya que estudia la relaci\u00f3n entre la salud y la calidad de los movimientos.<\/p><p><strong>\u00bfPara qu\u00e9 sirve?<\/strong> El kinesi\u00f3logo, mediante un proceso reflexivo, basado en el razonamiento cl\u00ednico, con los hallazgos obtenidos en la evaluaci\u00f3n del paciente, determina y prioriza los objetivos de su intervenci\u00f3n. Solo entonces decide los procedimientos terap\u00e9uticos que usara para lograr sus objetivos y a la vez evaluara los resultados de la intervenci\u00f3n.<\/p><p><strong>\u00bfQui\u00e9nes la pueden usar? <\/strong>Los tratamientos van dirigidos a todo tipo de personas que sean previamente diagnosticadas por un m\u00e9dico, con el fin de trabajar de forma complementaria y en equipo.<\/p>\t\t\t\t\t<\/div>\n\t\t\t\t\t\t<\/div>\n\t\t\t\t<\/div>\n\t\t\t\t\t\t<\/div>\n\t\t\t\t\t<\/div>\n\t\t<\/div>\n\t\t\t\t<div class=\"elementor-column elementor-col-50 elementor-top-column elementor-element elementor-element-fcd7784\" data-id=\"fcd7784\" data-element_type=\"column\" data-settings=\"{&quot;background_background&quot;:&quot;classic&quot;}\">\n\t\t\t<div class=\"elementor-column-wrap elementor-element-populated\">\n\t\t\t\t\t\t\t<div class=\"elementor-widget-wrap\">\n\t\t\t\t\t\t<div class=\"elementor-element elementor-element-7a64c42 elementor-widget elementor-widget-image\" data-id=\"7a64c42\" data-element_type=\"widget\" data-widget_type=\"image.default\">\n\t\t\t\t<div class=\"elementor-widget-container\">\n\t\t\t\t\t\t\t\t<div class=\"elementor-image\">\n\t\t\t\t\t\t\t\t\t\t\t\t<img loading=\"lazy\" decoding=\"async\" width=\"640\" height=\"712\" src=\"https:\/\/medo2.cl\/wp-content\/uploads\/2021\/10\/Kine.png\" class=\"attachment-large size-large\" alt=\"\" srcset=\"https:\/\/medo2.cl\/wp-content\/uploads\/2021\/10\/Kine.png 719w, https:\/\/medo2.cl\/wp-content\/uploads\/2021\/10\/Kine-270x300.png 270w\" sizes=\"auto, (max-width: 34.9rem) calc(100vw - 2rem), (max-width: 53rem) calc(8 * (100vw \/ 12)), (min-width: 53rem) calc(6 * (100vw \/ 12)), 100vw\" \/>\t\t\t\t\t\t\t\t\t\t\t\t\t\t<\/div>\n\t\t\t\t\t\t<\/div>\n\t\t\t\t<\/div>\n\t\t\t\t<div class=\"elementor-element elementor-element-78a25ad elementor-button-info elementor-align-center elementor-mobile-align-justify elementor-widget elementor-widget-button\" data-id=\"78a25ad\" data-element_type=\"widget\" data-widget_type=\"button.default\">\n\t\t\t\t<div class=\"elementor-widget-container\">\n\t\t\t\t\t<div class=\"elementor-button-wrapper\">\n\t\t\t<a href=\"https:\/\/bit.ly\/3mHD4G0\" target=\"_blank\" class=\"elementor-button-link elementor-button elementor-size-lg\" role=\"button\">\n\t\t\t\t\t\t<span class=\"elementor-button-content-wrapper\">\n\t\t\t\t\t\t<span class=\"elementor-button-icon elementor-align-icon-right\">\n\t\t\t\t<i aria-hidden=\"true\" class=\"fas fa-arrow-right\"><\/i>\t\t\t<\/span>\n\t\t\t\t\t\t<span class=\"elementor-button-text\">Reserva tu cita<\/span>\n\t\t<\/span>\n\t\t\t\t\t<\/a>\n\t\t<\/div>\n\t\t\t\t<\/div>\n\t\t\t\t<\/div>\n\t\t\t\t\t\t<\/div>\n\t\t\t\t\t<\/div>\n\t\t<\/div>\n\t\t\t\t\t\t\t\t<\/div>\n\t\t\t\t\t<\/div>\n\t\t<\/section>\n\t\t\t\t\t\t<\/div>\n\t\t\t\t\t\t<\/div>\n\t\t\t\t\t<\/div>\n\t\t","protected":false},"excerpt":{"rendered":"<p>Reserva tu cita Electroestimulaci\u00f3n \u00bfQu\u00e9 es? Un m\u00e9todo personalizado de entrenamiento f\u00edsico m\u00e1s revolucionario de los \u00faltimos tiempos, basado en la Electro-Estimulaci\u00f3n Muscular Activa (EEM). \u00bfPara qu\u00e9 sirve? El m\u00e9todo de EEM combinado con ejercicio activo ayuda al desarrollo y la tonificaci\u00f3n del musculo, no se debe confundir con un tratamiento de est\u00e9tica donde com\u00fanmente &hellip; <\/p>\n<p class=\"link-more\"><a href=\"https:\/\/medo2.cl\/index.php\/rehabilitacion-y-cuidado-fisico\/\" class=\"more-link\">Continue reading<span class=\"screen-reader-text\"> &#8220;Rehabilitaci\u00f3n y Cuidado F\u00edsico&#8221;<\/span><\/a><\/p>\n","protected":false},"author":1,"featured_media":0,"parent":0,"menu_order":0,"comment_status":"closed","ping_status":"closed","template":"","meta":{"om_disable_all_campaigns":false,"_monsterinsights_skip_tracking":false,"_monsterinsights_sitenote_active":false,"_monsterinsights_sitenote_note":"","_monsterinsights_sitenote_category":0,"footnotes":""},"class_list":["post-729","page","type-page","status-publish","hentry","entry"],"_links":{"self":[{"href":"https:\/\/medo2.cl\/index.php\/wp-json\/wp\/v2\/pages\/729","targetHints":{"allow":["GET"]}}],"collection":[{"href":"https:\/\/medo2.cl\/index.php\/wp-json\/wp\/v2\/pages"}],"about":[{"href":"https:\/\/medo2.cl\/index.php\/wp-json\/wp\/v2\/types\/page"}],"author":[{"embeddable":true,"href":"https:\/\/medo2.cl\/index.php\/wp-json\/wp\/v2\/users\/1"}],"replies":[{"embeddable":true,"href":"https:\/\/medo2.cl\/index.php\/wp-json\/wp\/v2\/comments?post=729"}],"version-history":[{"count":28,"href":"https:\/\/medo2.cl\/index.php\/wp-json\/wp\/v2\/pages\/729\/revisions"}],"predecessor-version":[{"id":1686,"href":"https:\/\/medo2.cl\/index.php\/wp-json\/wp\/v2\/pages\/729\/revisions\/1686"}],"wp:attachment":[{"href":"https:\/\/medo2.cl\/index.php\/wp-json\/wp\/v2\/media?parent=729"}],"curies":[{"name":"wp","href":"https:\/\/api.w.org\/{rel}","templated":true}]}}